{"id":1650,"date":"2021-12-15T12:16:07","date_gmt":"2021-12-15T11:16:07","guid":{"rendered":"https:\/\/wrightlawyers.be\/equipe\/ruben-vispoel\/"},"modified":"2023-09-04T09:05:04","modified_gmt":"2023-09-04T08:05:04","slug":"ruben-vispoel","status":"publish","type":"page","link":"https:\/\/wrightlawyers.be\/fr\/equipe\/ruben-vispoel\/","title":{"rendered":"Ruben Vispoel"},"content":{"rendered":"","protected":false},"excerpt":{"rendered":"","protected":false},"author":1,"featured_media":0,"parent":1647,"menu_order":10,"comment_status":"closed","ping_status":"closed","template":"","meta":{"_acf_changed":false,"footnotes":""},"class_list":["post-1650","page","type-page","status-publish","hentry"],"acf":[],"yoast_head":"<!-- This site is optimized with the Yoast SEO plugin v25.1 - https:\/\/yoast.com\/wordpress\/plugins\/seo\/ -->\n<title>Ruben Vispoel | Avocats WRight Lawyers Gand<\/title>\n<meta name=\"description\" content=\"Bienvenue, enchant\u00e9. Je m&#039;appelle Ruben Vispoel et je me concentre exclusivement sur le droit p\u00e9nal, le droit du roulage et le droit du sport. Plus d&#039;id\u00e9es \u27a1\ufe0f\" \/>\n<meta name=\"robots\" content=\"index, follow, max-snippet:-1, max-image-preview:large, max-video-preview:-1\" \/>\n<link rel=\"canonical\" href=\"https:\/\/wrightlawyers.be\/fr\/equipe\/ruben-vispoel\/\" \/>\n<meta property=\"og:locale\" content=\"fr_FR\" \/>\n<meta property=\"og:type\" content=\"article\" \/>\n<meta property=\"og:title\" content=\"Ruben Vispoel | Avocats WRight Lawyers Gand\" \/>\n<meta property=\"og:description\" content=\"Bienvenue, enchant\u00e9. Je m&#039;appelle Ruben Vispoel et je me concentre exclusivement sur le droit p\u00e9nal, le droit du roulage et le droit du sport. Plus d&#039;id\u00e9es \u27a1\ufe0f\" \/>\n<meta property=\"og:url\" content=\"https:\/\/wrightlawyers.be\/fr\/equipe\/ruben-vispoel\/\" \/>\n<meta property=\"og:site_name\" content=\"WRight Lawyers\" \/>\n<meta property=\"article:publisher\" content=\"https:\/\/www.facebook.com\/WRight-Lawyers-105372718236960\/\" \/>\n<meta property=\"article:modified_time\" content=\"2023-09-04T08:05:04+00:00\" \/>\n<meta property=\"og:image\" content=\"https:\/\/wrightlawyers.be\/wp-content\/uploads\/2022\/01\/wrightlawyers-homepage.jpg\" \/>\n\t<meta property=\"og:image:width\" content=\"1200\" \/>\n\t<meta property=\"og:image:height\" content=\"630\" \/>\n\t<meta property=\"og:image:type\" content=\"image\/jpeg\" \/>\n<meta name=\"twitter:card\" content=\"summary_large_image\" \/>\n<script type=\"application\/ld+json\" class=\"yoast-schema-graph\">{\"@context\":\"https:\/\/schema.org\",\"@graph\":[{\"@type\":\"WebPage\",\"@id\":\"https:\/\/wrightlawyers.be\/fr\/equipe\/ruben-vispoel\/\",\"url\":\"https:\/\/wrightlawyers.be\/fr\/equipe\/ruben-vispoel\/\",\"name\":\"Ruben Vispoel | Avocats WRight Lawyers Gand\",\"isPartOf\":{\"@id\":\"https:\/\/wrightlawyers.be\/fr\/#website\"},\"datePublished\":\"2021-12-15T11:16:07+00:00\",\"dateModified\":\"2023-09-04T08:05:04+00:00\",\"description\":\"Bienvenue, enchant\u00e9. Je m'appelle Ruben Vispoel et je me concentre exclusivement sur le droit p\u00e9nal, le droit du roulage et le droit du sport. Plus d'id\u00e9es \u27a1\ufe0f\",\"breadcrumb\":{\"@id\":\"https:\/\/wrightlawyers.be\/fr\/equipe\/ruben-vispoel\/#breadcrumb\"},\"inLanguage\":\"fr-FR\",\"potentialAction\":[{\"@type\":\"ReadAction\",\"target\":[\"https:\/\/wrightlawyers.be\/fr\/equipe\/ruben-vispoel\/\"]}]},{\"@type\":\"BreadcrumbList\",\"@id\":\"https:\/\/wrightlawyers.be\/fr\/equipe\/ruben-vispoel\/#breadcrumb\",\"itemListElement\":[{\"@type\":\"ListItem\",\"position\":1,\"name\":\"Home\",\"item\":\"https:\/\/wrightlawyers.be\/fr\/\"},{\"@type\":\"ListItem\",\"position\":2,\"name\":\"Equipe\",\"item\":\"https:\/\/wrightlawyers.be\/fr\/equipe\/\"},{\"@type\":\"ListItem\",\"position\":3,\"name\":\"Ruben Vispoel\"}]},{\"@type\":\"WebSite\",\"@id\":\"https:\/\/wrightlawyers.be\/fr\/#website\",\"url\":\"https:\/\/wrightlawyers.be\/fr\/\",\"name\":\"WRight Lawyers\",\"description\":\"Advocatenkantoor Gent\",\"publisher\":{\"@id\":\"https:\/\/wrightlawyers.be\/fr\/#organization\"},\"potentialAction\":[{\"@type\":\"SearchAction\",\"target\":{\"@type\":\"EntryPoint\",\"urlTemplate\":\"https:\/\/wrightlawyers.be\/fr\/?s={search_term_string}\"},\"query-input\":{\"@type\":\"PropertyValueSpecification\",\"valueRequired\":true,\"valueName\":\"search_term_string\"}}],\"inLanguage\":\"fr-FR\"},{\"@type\":\"Organization\",\"@id\":\"https:\/\/wrightlawyers.be\/fr\/#organization\",\"name\":\"WRight Lawyers\",\"url\":\"https:\/\/wrightlawyers.be\/fr\/\",\"logo\":{\"@type\":\"ImageObject\",\"inLanguage\":\"fr-FR\",\"@id\":\"https:\/\/wrightlawyers.be\/fr\/#\/schema\/logo\/image\/\",\"url\":\"https:\/\/wrightlawyers.be\/wp-content\/uploads\/2022\/01\/wrightlawyers-logo.png\",\"contentUrl\":\"https:\/\/wrightlawyers.be\/wp-content\/uploads\/2022\/01\/wrightlawyers-logo.png\",\"width\":1200,\"height\":900,\"caption\":\"WRight Lawyers\"},\"image\":{\"@id\":\"https:\/\/wrightlawyers.be\/fr\/#\/schema\/logo\/image\/\"},\"sameAs\":[\"https:\/\/www.facebook.com\/WRight-Lawyers-105372718236960\/\",\"https:\/\/www.instagram.com\/wrightlawyers.be\/\",\"https:\/\/www.linkedin.com\/company\/wrightlawyers\/\"]}]}<\/script>\n<!-- \/ Yoast SEO plugin. -->","yoast_head_json":{"title":"Ruben Vispoel | Avocats WRight Lawyers Gand","description":"Bienvenue, enchant\u00e9. Je m'appelle Ruben Vispoel et je me concentre exclusivement sur le droit p\u00e9nal, le droit du roulage et le droit du sport. Plus d'id\u00e9es \u27a1\ufe0f","robots":{"index":"index","follow":"follow","max-snippet":"max-snippet:-1","max-image-preview":"max-image-preview:large","max-video-preview":"max-video-preview:-1"},"canonical":"https:\/\/wrightlawyers.be\/fr\/equipe\/ruben-vispoel\/","og_locale":"fr_FR","og_type":"article","og_title":"Ruben Vispoel | Avocats WRight Lawyers Gand","og_description":"Bienvenue, enchant\u00e9. Je m'appelle Ruben Vispoel et je me concentre exclusivement sur le droit p\u00e9nal, le droit du roulage et le droit du sport. Plus d'id\u00e9es \u27a1\ufe0f","og_url":"https:\/\/wrightlawyers.be\/fr\/equipe\/ruben-vispoel\/","og_site_name":"WRight Lawyers","article_publisher":"https:\/\/www.facebook.com\/WRight-Lawyers-105372718236960\/","article_modified_time":"2023-09-04T08:05:04+00:00","og_image":[{"width":1200,"height":630,"url":"https:\/\/wrightlawyers.be\/wp-content\/uploads\/2022\/01\/wrightlawyers-homepage.jpg","type":"image\/jpeg"}],"twitter_card":"summary_large_image","schema":{"@context":"https:\/\/schema.org","@graph":[{"@type":"WebPage","@id":"https:\/\/wrightlawyers.be\/fr\/equipe\/ruben-vispoel\/","url":"https:\/\/wrightlawyers.be\/fr\/equipe\/ruben-vispoel\/","name":"Ruben Vispoel | Avocats WRight Lawyers Gand","isPartOf":{"@id":"https:\/\/wrightlawyers.be\/fr\/#website"},"datePublished":"2021-12-15T11:16:07+00:00","dateModified":"2023-09-04T08:05:04+00:00","description":"Bienvenue, enchant\u00e9. Je m'appelle Ruben Vispoel et je me concentre exclusivement sur le droit p\u00e9nal, le droit du roulage et le droit du sport. Plus d'id\u00e9es \u27a1\ufe0f","breadcrumb":{"@id":"https:\/\/wrightlawyers.be\/fr\/equipe\/ruben-vispoel\/#breadcrumb"},"inLanguage":"fr-FR","potentialAction":[{"@type":"ReadAction","target":["https:\/\/wrightlawyers.be\/fr\/equipe\/ruben-vispoel\/"]}]},{"@type":"BreadcrumbList","@id":"https:\/\/wrightlawyers.be\/fr\/equipe\/ruben-vispoel\/#breadcrumb","itemListElement":[{"@type":"ListItem","position":1,"name":"Home","item":"https:\/\/wrightlawyers.be\/fr\/"},{"@type":"ListItem","position":2,"name":"Equipe","item":"https:\/\/wrightlawyers.be\/fr\/equipe\/"},{"@type":"ListItem","position":3,"name":"Ruben Vispoel"}]},{"@type":"WebSite","@id":"https:\/\/wrightlawyers.be\/fr\/#website","url":"https:\/\/wrightlawyers.be\/fr\/","name":"WRight Lawyers","description":"Advocatenkantoor Gent","publisher":{"@id":"https:\/\/wrightlawyers.be\/fr\/#organization"},"potentialAction":[{"@type":"SearchAction","target":{"@type":"EntryPoint","urlTemplate":"https:\/\/wrightlawyers.be\/fr\/?s={search_term_string}"},"query-input":{"@type":"PropertyValueSpecification","valueRequired":true,"valueName":"search_term_string"}}],"inLanguage":"fr-FR"},{"@type":"Organization","@id":"https:\/\/wrightlawyers.be\/fr\/#organization","name":"WRight Lawyers","url":"https:\/\/wrightlawyers.be\/fr\/","logo":{"@type":"ImageObject","inLanguage":"fr-FR","@id":"https:\/\/wrightlawyers.be\/fr\/#\/schema\/logo\/image\/","url":"https:\/\/wrightlawyers.be\/wp-content\/uploads\/2022\/01\/wrightlawyers-logo.png","contentUrl":"https:\/\/wrightlawyers.be\/wp-content\/uploads\/2022\/01\/wrightlawyers-logo.png","width":1200,"height":900,"caption":"WRight Lawyers"},"image":{"@id":"https:\/\/wrightlawyers.be\/fr\/#\/schema\/logo\/image\/"},"sameAs":["https:\/\/www.facebook.com\/WRight-Lawyers-105372718236960\/","https:\/\/www.instagram.com\/wrightlawyers.be\/","https:\/\/www.linkedin.com\/company\/wrightlawyers\/"]}]}},"_links":{"self":[{"href":"https:\/\/wrightlawyers.be\/fr\/wp-json\/wp\/v2\/pages\/1650","targetHints":{"allow":["GET"]}}],"collection":[{"href":"https:\/\/wrightlawyers.be\/fr\/wp-json\/wp\/v2\/pages"}],"about":[{"href":"https:\/\/wrightlawyers.be\/fr\/wp-json\/wp\/v2\/types\/page"}],"author":[{"embeddable":true,"href":"https:\/\/wrightlawyers.be\/fr\/wp-json\/wp\/v2\/users\/1"}],"replies":[{"embeddable":true,"href":"https:\/\/wrightlawyers.be\/fr\/wp-json\/wp\/v2\/comments?post=1650"}],"version-history":[{"count":2,"href":"https:\/\/wrightlawyers.be\/fr\/wp-json\/wp\/v2\/pages\/1650\/revisions"}],"predecessor-version":[{"id":1863,"href":"https:\/\/wrightlawyers.be\/fr\/wp-json\/wp\/v2\/pages\/1650\/revisions\/1863"}],"up":[{"embeddable":true,"href":"https:\/\/wrightlawyers.be\/fr\/wp-json\/wp\/v2\/pages\/1647"}],"wp:attachment":[{"href":"https:\/\/wrightlawyers.be\/fr\/wp-json\/wp\/v2\/media?parent=1650"}],"curies":[{"name":"wp","href":"https:\/\/api.w.org\/{rel}","templated":true}]}}